{"id":351,"date":"2021-09-28T07:35:10","date_gmt":"2021-09-28T05:35:10","guid":{"rendered":"https:\/\/valluis-avocats.com\/?page_id=351"},"modified":"2024-10-04T22:21:48","modified_gmt":"2024-10-04T20:21:48","slug":"expertise","status":"publish","type":"page","link":"https:\/\/valluis-avocats.com\/index.php\/expertise\/","title":{"rendered":"Expertise"},"content":{"rendered":"\t\t<div data-elementor-type=\"wp-page\" data-elementor-id=\"351\" class=\"elementor elementor-351\">\n\t\t\t\t\t\t\t\t\t<section class=\"elementor-section elementor-top-section elementor-element elementor-element-65d57bd elementor-section-full_width elementor-section-stretched elementor-hidden-mobile elementor-section-height-default elementor-section-height-default\" data-id=\"65d57bd\" data-element_type=\"section\" data-settings=\"{&quot;stretch_section&quot;:&quot;section-stretched&quot;}\">\n\t\t\t\t\t\t<div class=\"elementor-container elementor-column-gap-no\">\n\t\t\t\t\t<div class=\"elementor-column elementor-col-100 elementor-top-column elementor-element elementor-element-b0f3f0e\" data-id=\"b0f3f0e\" data-element_type=\"column\">\n\t\t\t<div class=\"elementor-widget-wrap elementor-element-populated\">\n\t\t\t\t\t\t\t\t<div class=\"elementor-element elementor-element-714b274 elementor-widget elementor-widget-image\" data-id=\"714b274\" data-element_type=\"widget\" data-widget_type=\"image.default\">\n\t\t\t\t<div class=\"elementor-widget-container\">\n\t\t\t<style>\/*! elementor - v3.6.0 - 21-03-2022 *\/\n.elementor-widget-image{text-align:center}.elementor-widget-image a{display:inline-block}.elementor-widget-image a img[src$=\".svg\"]{width:48px}.elementor-widget-image img{vertical-align:middle;display:inline-block}<\/style>\t\t\t\t\t\t\t\t\t\t\t\t<img width=\"985\" height=\"591\" src=\"https:\/\/valluis-avocats.com\/wp-content\/uploads\/2021\/09\/expertise.png\" class=\"attachment-full size-full\" alt=\"\" loading=\"lazy\" srcset=\"https:\/\/valluis-avocats.com\/wp-content\/uploads\/2021\/09\/expertise.png 985w, https:\/\/valluis-avocats.com\/wp-content\/uploads\/2021\/09\/expertise-300x180.png 300w, https:\/\/valluis-avocats.com\/wp-content\/uploads\/2021\/09\/expertise-768x461.png 768w\" sizes=\"(max-width: 985px) 100vw, 985px\" \/>\t\t\t\t\t\t\t\t\t\t\t\t\t\t\t<\/div>\n\t\t\t\t<\/div>\n\t\t\t\t\t<\/div>\n\t\t<\/div>\n\t\t\t\t\t\t\t<\/div>\n\t\t<\/section>\n\t\t\t\t<section class=\"elementor-section elementor-top-section elementor-element elementor-element-5d249c6 elementor-section-full_width elementor-section-stretched elementor-hidden-desktop elementor-hidden-tablet elementor-section-height-default elementor-section-height-default\" data-id=\"5d249c6\" data-element_type=\"section\" data-settings=\"{&quot;stretch_section&quot;:&quot;section-stretched&quot;}\">\n\t\t\t\t\t\t<div class=\"elementor-container elementor-column-gap-no\">\n\t\t\t\t\t<div class=\"elementor-column elementor-col-50 elementor-top-column elementor-element elementor-element-0776cba\" data-id=\"0776cba\" data-element_type=\"column\">\n\t\t\t<div class=\"elementor-widget-wrap elementor-element-populated\">\n\t\t\t\t\t\t\t\t<div class=\"elementor-element elementor-element-3be61ac elementor-widget elementor-widget-image\" data-id=\"3be61ac\" data-element_type=\"widget\" data-widget_type=\"image.default\">\n\t\t\t\t<div class=\"elementor-widget-container\">\n\t\t\t\t\t\t\t\t\t\t\t\t\t\t\t<img width=\"985\" height=\"591\" src=\"https:\/\/valluis-avocats.com\/wp-content\/uploads\/2021\/09\/expertise.png\" class=\"attachment-full size-full\" alt=\"\" loading=\"lazy\" srcset=\"https:\/\/valluis-avocats.com\/wp-content\/uploads\/2021\/09\/expertise.png 985w, https:\/\/valluis-avocats.com\/wp-content\/uploads\/2021\/09\/expertise-300x180.png 300w, https:\/\/valluis-avocats.com\/wp-content\/uploads\/2021\/09\/expertise-768x461.png 768w\" sizes=\"(max-width: 985px) 100vw, 985px\" \/>\t\t\t\t\t\t\t\t\t\t\t\t\t\t\t<\/div>\n\t\t\t\t<\/div>\n\t\t\t\t\t<\/div>\n\t\t<\/div>\n\t\t\t\t<div class=\"elementor-column elementor-col-50 elementor-top-column elementor-element elementor-element-45dabbe\" data-id=\"45dabbe\" data-element_type=\"column\">\n\t\t\t<div class=\"elementor-widget-wrap\">\n\t\t\t\t\t\t\t\t\t<\/div>\n\t\t<\/div>\n\t\t\t\t\t\t\t<\/div>\n\t\t<\/section>\n\t\t\t\t<section class=\"elementor-section elementor-top-section elementor-element elementor-element-cb4bd6a elementor-section-stretched elementor-section-boxed elementor-section-height-default elementor-section-height-default\" data-id=\"cb4bd6a\" data-element_type=\"section\" data-settings=\"{&quot;stretch_section&quot;:&quot;section-stretched&quot;}\">\n\t\t\t\t\t\t<div class=\"elementor-container elementor-column-gap-default\">\n\t\t\t\t\t<div class=\"elementor-column elementor-col-100 elementor-top-column elementor-element elementor-element-c76952b\" data-id=\"c76952b\" data-element_type=\"column\">\n\t\t\t<div class=\"elementor-widget-wrap elementor-element-populated\">\n\t\t\t\t\t\t\t\t<div class=\"elementor-element elementor-element-62c7ef6 elementor-widget elementor-widget-spacer\" data-id=\"62c7ef6\" data-element_type=\"widget\" data-widget_type=\"spacer.default\">\n\t\t\t\t<div class=\"elementor-widget-container\">\n\t\t\t<style>\/*! elementor - v3.6.0 - 21-03-2022 *\/\n.e-container.e-container--row .elementor-spacer-inner{width:var(--spacer-size)}.e-container.e-container--column .elementor-spacer-inner,.elementor-column .elementor-spacer-inner{height:var(--spacer-size)}<\/style>\t\t<div class=\"elementor-spacer\">\n\t\t\t<div class=\"elementor-spacer-inner\"><\/div>\n\t\t<\/div>\n\t\t\t\t<\/div>\n\t\t\t\t<\/div>\n\t\t\t\t<div class=\"elementor-element elementor-element-1b316a5 elementor-widget elementor-widget-heading\" data-id=\"1b316a5\" data-element_type=\"widget\" data-widget_type=\"heading.default\">\n\t\t\t\t<div class=\"elementor-widget-container\">\n\t\t\t<style>\/*! elementor - v3.6.0 - 21-03-2022 *\/\n.elementor-heading-title{padding:0;margin:0;line-height:1}.elementor-widget-heading .elementor-heading-title[class*=elementor-size-]>a{color:inherit;font-size:inherit;line-height:inherit}.elementor-widget-heading .elementor-heading-title.elementor-size-small{font-size:15px}.elementor-widget-heading .elementor-heading-title.elementor-size-medium{font-size:19px}.elementor-widget-heading .elementor-heading-title.elementor-size-large{font-size:29px}.elementor-widget-heading .elementor-heading-title.elementor-size-xl{font-size:39px}.elementor-widget-heading .elementor-heading-title.elementor-size-xxl{font-size:59px}<\/style><h2 class=\"elementor-heading-title elementor-size-default\">DEPUIS LA CR\u00c9ATION DE MA STRUCTURE EN 2007, JE VOUS AIDE \u00c0 R\u00c9PONDRE \u00c0 VOS ENJEUX&nbsp;:<\/h2>\t\t<\/div>\n\t\t\t\t<\/div>\n\t\t\t\t<div class=\"elementor-element elementor-element-809ebf2 elementor-widget elementor-widget-spacer\" data-id=\"809ebf2\" data-element_type=\"widget\" data-widget_type=\"spacer.default\">\n\t\t\t\t<div class=\"elementor-widget-container\">\n\t\t\t\t\t<div class=\"elementor-spacer\">\n\t\t\t<div class=\"elementor-spacer-inner\"><\/div>\n\t\t<\/div>\n\t\t\t\t<\/div>\n\t\t\t\t<\/div>\n\t\t\t\t<div class=\"elementor-element elementor-element-244ab85 elementor-widget elementor-widget-text-editor\" data-id=\"244ab85\" data-element_type=\"widget\" data-widget_type=\"text-editor.default\">\n\t\t\t\t<div class=\"elementor-widget-container\">\n\t\t\t<style>\/*! elementor - v3.6.0 - 21-03-2022 *\/\n.elementor-widget-text-editor.elementor-drop-cap-view-stacked .elementor-drop-cap{background-color:#818a91;color:#fff}.elementor-widget-text-editor.elementor-drop-cap-view-framed .elementor-drop-cap{color:#818a91;border:3px solid;background-color:transparent}.elementor-widget-text-editor:not(.elementor-drop-cap-view-default) .elementor-drop-cap{margin-top:8px}.elementor-widget-text-editor:not(.elementor-drop-cap-view-default) .elementor-drop-cap-letter{width:1em;height:1em}.elementor-widget-text-editor .elementor-drop-cap{float:left;text-align:center;line-height:1;font-size:50px}.elementor-widget-text-editor .elementor-drop-cap-letter{display:inline-block}<\/style>\t\t\t\t<ul>\n \t<li>Sp\u00e9cialiste de votre secteur\u00a0: Banque, Assurance, Soci\u00e9t\u00e9s de gestion<\/li><br>\n \t<li>Accompagnement tr\u00e8s op\u00e9rationnel sur vos sujets\u00a0: gestion des op\u00e9rations\u00a0clients, produits de l&rsquo;\u00e9pargne bancaire et financi\u00e8re, postmarch\u00e9, tenue de\u00a0compte conservation, conformit\u00e9 des syst\u00e8mes d&rsquo;information en lien avec la\u00a0fiscalit\u00e9<\/li><br>\n \t<li>Relation \u00e9troite et sur mesure\u00a0: je r\u00e9ponds personnellement aux e-mails et\u00a0appels, quelle que soit la\u00a0 personne de votre \u00e9quipe qui s&rsquo;adresse \u00e0 moi<\/li>\n<\/ul>\t\t\t\t\t\t<\/div>\n\t\t\t\t<\/div>\n\t\t\t\t<div class=\"elementor-element elementor-element-71527c2 elementor-widget elementor-widget-spacer\" data-id=\"71527c2\" data-element_type=\"widget\" data-widget_type=\"spacer.default\">\n\t\t\t\t<div class=\"elementor-widget-container\">\n\t\t\t\t\t<div class=\"elementor-spacer\">\n\t\t\t<div class=\"elementor-spacer-inner\"><\/div>\n\t\t<\/div>\n\t\t\t\t<\/div>\n\t\t\t\t<\/div>\n\t\t\t\t<div class=\"elementor-element elementor-element-616f8aa elementor-widget elementor-widget-heading\" data-id=\"616f8aa\" data-element_type=\"widget\" data-widget_type=\"heading.default\">\n\t\t\t\t<div class=\"elementor-widget-container\">\n\t\t\t<h2 class=\"elementor-heading-title elementor-size-default\">Poser une question fiscale doit devenir simple, un r\u00e9flexe qui permet de trouver des solutions concr\u00e8tes avant que les difficult\u00e9s n'apparaissent ou qu'elles prennent de l'ampleur.<\/h2>\t\t<\/div>\n\t\t\t\t<\/div>\n\t\t\t\t<div class=\"elementor-element elementor-element-511ee85 elementor-widget elementor-widget-spacer\" data-id=\"511ee85\" data-element_type=\"widget\" data-widget_type=\"spacer.default\">\n\t\t\t\t<div class=\"elementor-widget-container\">\n\t\t\t\t\t<div class=\"elementor-spacer\">\n\t\t\t<div class=\"elementor-spacer-inner\"><\/div>\n\t\t<\/div>\n\t\t\t\t<\/div>\n\t\t\t\t<\/div>\n\t\t\t\t<div class=\"elementor-element elementor-element-4475451 elementor-widget elementor-widget-spacer\" data-id=\"4475451\" data-element_type=\"widget\" data-widget_type=\"spacer.default\">\n\t\t\t\t<div class=\"elementor-widget-container\">\n\t\t\t\t\t<div class=\"elementor-spacer\">\n\t\t\t<div class=\"elementor-spacer-inner\"><\/div>\n\t\t<\/div>\n\t\t\t\t<\/div>\n\t\t\t\t<\/div>\n\t\t\t\t<div class=\"elementor-element elementor-element-4075f43 elementor-widget elementor-widget-heading\" data-id=\"4075f43\" data-element_type=\"widget\" data-widget_type=\"heading.default\">\n\t\t\t\t<div class=\"elementor-widget-container\">\n\t\t\t<h3 class=\"elementor-heading-title elementor-size-default\">LES ACTIONS QUE NOUS MENONS ENSEMBLE&nbsp;:<\/h3>\t\t<\/div>\n\t\t\t\t<\/div>\n\t\t\t\t<div class=\"elementor-element elementor-element-4f06202 elementor-widget elementor-widget-spacer\" data-id=\"4f06202\" data-element_type=\"widget\" data-widget_type=\"spacer.default\">\n\t\t\t\t<div class=\"elementor-widget-container\">\n\t\t\t\t\t<div class=\"elementor-spacer\">\n\t\t\t<div class=\"elementor-spacer-inner\"><\/div>\n\t\t<\/div>\n\t\t\t\t<\/div>\n\t\t\t\t<\/div>\n\t\t\t\t<div class=\"elementor-element elementor-element-f48824b elementor-widget elementor-widget-text-editor\" data-id=\"f48824b\" data-element_type=\"widget\" data-widget_type=\"text-editor.default\">\n\t\t\t\t<div class=\"elementor-widget-container\">\n\t\t\t\t\t\t\t<ul><li>Renforcer la s\u00e9curit\u00e9 fiscale<\/li><li>Am\u00e9liorer la qualit\u00e9 des services rendus \u00e0 vos clients<\/li><li>D\u00e9velopper une confiance r\u00e9ciproque et le savoir-faire des \u00e9quipes<\/li><li>Constituer une m\u00e9moire des d\u00e9cisions fiscales<\/li><\/ul>\t\t\t\t\t\t<\/div>\n\t\t\t\t<\/div>\n\t\t\t\t<div class=\"elementor-element elementor-element-54d7b6d elementor-widget elementor-widget-heading\" data-id=\"54d7b6d\" data-element_type=\"widget\" data-widget_type=\"heading.default\">\n\t\t\t\t<div class=\"elementor-widget-container\">\n\t\t\t<h3 class=\"elementor-heading-title elementor-size-default\">MON PARCOURS&nbsp;:<\/h3>\t\t<\/div>\n\t\t\t\t<\/div>\n\t\t\t\t<div class=\"elementor-element elementor-element-a64fea2 elementor-widget elementor-widget-spacer\" data-id=\"a64fea2\" data-element_type=\"widget\" data-widget_type=\"spacer.default\">\n\t\t\t\t<div class=\"elementor-widget-container\">\n\t\t\t\t\t<div class=\"elementor-spacer\">\n\t\t\t<div class=\"elementor-spacer-inner\"><\/div>\n\t\t<\/div>\n\t\t\t\t<\/div>\n\t\t\t\t<\/div>\n\t\t\t\t<div class=\"elementor-element elementor-element-d8adbac elementor-widget elementor-widget-text-editor\" data-id=\"d8adbac\" data-element_type=\"widget\" data-widget_type=\"text-editor.default\">\n\t\t\t\t<div class=\"elementor-widget-container\">\n\t\t\t\t\t\t\t<p><strong>Depuis septembre 2007\u00a0: Avocat Sp\u00e9cialiste en Droit fiscal, exercice \u00e0<br \/>titre individuel<\/strong><\/p><div style=\";margin-left: 20px;\"><p class=\"rientra\"><strong style=\"font-weight: 900;\">\u2022 <\/strong><em>2008 \u00e0 2020\u00a0: Cr\u00e9ation et animation de formations fiscales pour Francis Lefebvre Formation<\/em><\/p><p class=\"rientra\"><strong style=\"font-weight: 900;\">\u2022 <\/strong><em>2010 \u00e0 2013\u00a0: Charg\u00e9e d\u2019enseignement Master Recherche de Droit des Affaires dirig\u00e9 par Herv\u00e9 Synvet, Universit\u00e9 Paris 2 \u2013 Cours de\u00a0 Comptabilit\u00e9 des entreprises<\/em><\/p><\/div><p class=\"rientra\">2006 &#8211; 2007\u00a0: La Poste \u2013 Salari\u00e9e au sein de la Direction Fiscale<\/p><p class=\"rientra\">2003 &#8211; 2006\u00a0: Cabinet Dentons (ex. Salans) \u2013 Collaboratrice D\u00e9partement\u00a0Fiscal<\/p><p class=\"rientra\">2000 &#8211; 2003\u00a0: Cabinet CMS Bureau Francis Lefebvre, Section de Fiscalit\u00e9 directe de Pierre Leroux et Jean-Christophe Sauzey<\/p><p class=\"rientra\">1996 &#8211; 1998\u00a0: COOPERS &amp; LYBRAND AUDIT, Auditeur comptable et\u00a0financier<\/p><p class=\"rientra\">1999\u00a0: DESS de Droit des affaires et Fiscalit\u00e9, Universit\u00e9 Paris 2<\/p><p class=\"rientra\">1995\u00a0: Dipl\u00f4me d&rsquo;\u00c9tudes Sup\u00e9rieures Comptables et Financi\u00e8res\u00a0(DESCF)<\/p><p class=\"rientra\">1995\u00a0: Dipl\u00f4me de BSB (Burgundy School of Business)<\/p><div><br \/><strong>ASSOCIATIONS PROFESSIONNELLES\u00a0:<\/strong><p>\u00a0<\/p><\/div><p class=\"rientra\"><strong style=\"font-weight: 900;\">\u2022 <\/strong>France Post-March\u00e9 : Membre invit\u00e9e\u00a0de l\u2019Observatoire de la fiscalit\u00e9<\/p><p class=\"rientra\"><strong style=\"font-weight: 900;\">\u2022 <\/strong>A3F (Association Fran\u00e7aise des Femmes Fiscalistes)<\/p><p class=\"rientra\"><strong style=\"font-weight: 900;\">\u2022 <\/strong>IACF (Institut des Avocats Conseils fiscaux)<\/p>\t\t\t\t\t\t<\/div>\n\t\t\t\t<\/div>\n\t\t\t\t<div class=\"elementor-element elementor-element-9c81c8c elementor-widget elementor-widget-spacer\" data-id=\"9c81c8c\" data-element_type=\"widget\" data-widget_type=\"spacer.default\">\n\t\t\t\t<div class=\"elementor-widget-container\">\n\t\t\t\t\t<div class=\"elementor-spacer\">\n\t\t\t<div class=\"elementor-spacer-inner\"><\/div>\n\t\t<\/div>\n\t\t\t\t<\/div>\n\t\t\t\t<\/div>\n\t\t\t\t<div class=\"elementor-element elementor-element-b10039b elementor-widget elementor-widget-spacer\" data-id=\"b10039b\" data-element_type=\"widget\" data-widget_type=\"spacer.default\">\n\t\t\t\t<div class=\"elementor-widget-container\">\n\t\t\t\t\t<div class=\"elementor-spacer\">\n\t\t\t<div class=\"elementor-spacer-inner\"><\/div>\n\t\t<\/div>\n\t\t\t\t<\/div>\n\t\t\t\t<\/div>\n\t\t\t\t<div class=\"elementor-element elementor-element-ef2ebe4 elementor-widget elementor-widget-heading\" data-id=\"ef2ebe4\" data-element_type=\"widget\" data-widget_type=\"heading.default\">\n\t\t\t\t<div class=\"elementor-widget-container\">\n\t\t\t<h3 class=\"elementor-heading-title elementor-size-default\">ARTICLES&nbsp;:<\/h3>\t\t<\/div>\n\t\t\t\t<\/div>\n\t\t\t\t<div class=\"elementor-element elementor-element-ea72b43 elementor-widget elementor-widget-spacer\" data-id=\"ea72b43\" data-element_type=\"widget\" data-widget_type=\"spacer.default\">\n\t\t\t\t<div class=\"elementor-widget-container\">\n\t\t\t\t\t<div class=\"elementor-spacer\">\n\t\t\t<div class=\"elementor-spacer-inner\"><\/div>\n\t\t<\/div>\n\t\t\t\t<\/div>\n\t\t\t\t<\/div>\n\t\t\t\t<div class=\"elementor-element elementor-element-6e18bfe elementor-widget elementor-widget-text-editor\" data-id=\"6e18bfe\" data-element_type=\"widget\" data-widget_type=\"text-editor.default\">\n\t\t\t\t<div class=\"elementor-widget-container\">\n\t\t\t\t\t\t\t<em>\u00ab R\u00e9forme des relations commerciales\u00a0: compatibilit\u00e9 avec la directive TVA \u00bb,\u00a0Revue de Droit Fiscal n\u00b010 du 5 mars 2009, \u00a7224<\/em>\n\n<br><br>\n\n<em>\u00ab La d\u00e9claration des dividendes et int\u00e9r\u00eats vers\u00e9s en 2009 par les entreprises\u00a0(IFU)\u00a0: un enjeu majeur \u00bb, Droit des soci\u00e9t\u00e9s n\u00b02 f\u00e9vrier 2010, p.43<\/em>\n\n<br><br>\n<em>\u00ab Dividendes 2010\u00a0: les \u00ab nouvelles \u00bb obligations fiscales des soci\u00e9t\u00e9s\u00a0distributrices \u00bb, Droit des soci\u00e9t\u00e9s n\u00b06 juin 2010, p.47<\/em>\n<br><br>\n<em>\u00ab L\u2019avenir de la taxe sur la valeur ajout\u00e9e\u00a0: principaux enjeux \u00bb,\u00a0<span style=\"font-size: inherit; text-align: inherit; letter-spacing: -0.015em;\">L&rsquo;Observateur\u00a0<\/span><span style=\"font-size: inherit; text-align: inherit; letter-spacing: -0.015em;\">de Bruxelles, n\u00b084 avril 2011, co\u00e9crit avec Jean-Paul Gauz\u00e8s, D\u00e9put\u00e9 au\u00a0<\/span><span style=\"font-size: inherit; text-align: inherit; letter-spacing: -0.015em;\">Parlement europ\u00e9en<\/span><\/em>\t\t\t\t\t\t<\/div>\n\t\t\t\t<\/div>\n\t\t\t\t<div class=\"elementor-element elementor-element-c40f624 elementor-widget elementor-widget-spacer\" data-id=\"c40f624\" data-element_type=\"widget\" data-widget_type=\"spacer.default\">\n\t\t\t\t<div class=\"elementor-widget-container\">\n\t\t\t\t\t<div class=\"elementor-spacer\">\n\t\t\t<div class=\"elementor-spacer-inner\"><\/div>\n\t\t<\/div>\n\t\t\t\t<\/div>\n\t\t\t\t<\/div>\n\t\t\t\t<div class=\"elementor-element elementor-element-c08c155 elementor-widget elementor-widget-spacer\" data-id=\"c08c155\" data-element_type=\"widget\" data-widget_type=\"spacer.default\">\n\t\t\t\t<div class=\"elementor-widget-container\">\n\t\t\t\t\t<div class=\"elementor-spacer\">\n\t\t\t<div class=\"elementor-spacer-inner\"><\/div>\n\t\t<\/div>\n\t\t\t\t<\/div>\n\t\t\t\t<\/div>\n\t\t\t\t<div class=\"elementor-element elementor-element-dab9c3d bluelink elementor-invisible elementor-widget elementor-widget-heading\" data-id=\"dab9c3d\" data-element_type=\"widget\" data-settings=\"{&quot;_animation&quot;:&quot;fadeInUp&quot;}\" data-widget_type=\"heading.default\">\n\t\t\t\t<div class=\"elementor-widget-container\">\n\t\t\t<h3 class=\"elementor-heading-title elementor-size-default\"><a href=\"https:\/\/fr.linkedin.com\/in\/nathalie-valluis-752a9115\"><span class=\"bluelink\">POUR MIEUX ME CONNA\u00ceTRE, CONNECTONS-NOUS SUR LINKEDIN<\/span><\/a><\/h3>\t\t<\/div>\n\t\t\t\t<\/div>\n\t\t\t\t<div class=\"elementor-element elementor-element-24a57b1 elementor-widget elementor-widget-spacer\" data-id=\"24a57b1\" data-element_type=\"widget\" data-widget_type=\"spacer.default\">\n\t\t\t\t<div class=\"elementor-widget-container\">\n\t\t\t\t\t<div class=\"elementor-spacer\">\n\t\t\t<div class=\"elementor-spacer-inner\"><\/div>\n\t\t<\/div>\n\t\t\t\t<\/div>\n\t\t\t\t<\/div>\n\t\t\t\t\t<\/div>\n\t\t<\/div>\n\t\t\t\t\t\t\t<\/div>\n\t\t<\/section>\n\t\t\t\t<section class=\"elementor-section elementor-top-section elementor-element elementor-element-beeb71b elementor-section-boxed elementor-section-height-default elementor-section-height-default\" data-id=\"beeb71b\" data-element_type=\"section\">\n\t\t\t\t\t\t<div class=\"elementor-container elementor-column-gap-default\">\n\t\t\t\t\t<div class=\"elementor-column elementor-col-100 elementor-top-column elementor-element elementor-element-a3b4022\" data-id=\"a3b4022\" data-element_type=\"column\">\n\t\t\t<div class=\"elementor-widget-wrap elementor-element-populated\">\n\t\t\t\t\t\t\t\t<div class=\"elementor-element elementor-element-5c94088 elementor-widget elementor-widget-text-editor\" data-id=\"5c94088\" data-element_type=\"widget\" data-widget_type=\"text-editor.default\">\n\t\t\t\t<div class=\"elementor-widget-container\">\n\t\t\t\t\t\t\t<p>Intrigu\u00e9s<strong> par les illustrations&nbsp;? D\u00e9couvrez le travail de <span class=\"bluelink\"><a class=\"bluelink\" style=\"color: #0077b5;\" href=\"https:\/\/www.sheina.fr\">Sheina Szlamka<\/a><\/span><\/strong><\/p>\n<p>F\u00e9rue de dessin depuis toute petite, Sheina est aujourd\u2019hui artiste. Peut-\u00eatre avez-vous d\u00e9j\u00e0 crois\u00e9 ses dessins, faits d\u2019encre et de pinceau, dans les pages du Vogue&nbsp;Japon, en couverture de l\u2019Express, du journal Le 1, du Elle, de La Revue XXI, ou&nbsp;encore dans les vitrines de Pierre Herm\u00e9&nbsp;? C\u00f4t\u00e9 mode et lifestyle, elle a aussi&nbsp;collabor\u00e9 avec Montblanc, Dior, Pandora et vient de dessiner le portrait de 60&nbsp;femmes pionni\u00e8res pour le livre \u00ab Audacieuses \u00bb (\u00e9d. Eyrolles).<\/p><p><br><\/p><p>Portraits&nbsp;d&rsquo;<b>Am\u00e9lie Marzouk<\/b><\/p>\n<p><br><\/p>\t\t\t\t\t\t<\/div>\n\t\t\t\t<\/div>\n\t\t\t\t\t<\/div>\n\t\t<\/div>\n\t\t\t\t\t\t\t<\/div>\n\t\t<\/section>\n\t\t\t\t<section class=\"elementor-section elementor-top-section elementor-element elementor-element-45ff530 elementor-section-boxed elementor-section-height-default elementor-section-height-default\" data-id=\"45ff530\" data-element_type=\"section\" id=\"robba\">\n\t\t\t\t\t\t<div class=\"elementor-container elementor-column-gap-default\">\n\t\t\t\t\t<div class=\"elementor-column elementor-col-100 elementor-top-column elementor-element elementor-element-b9cb92f\" data-id=\"b9cb92f\" data-element_type=\"column\">\n\t\t\t<div class=\"elementor-widget-wrap elementor-element-populated\">\n\t\t\t\t\t\t\t\t<div class=\"elementor-element elementor-element-dd61104 elementor-widget elementor-widget-html\" data-id=\"dd61104\" data-element_type=\"widget\" data-widget_type=\"html.default\">\n\t\t\t\t<div class=\"elementor-widget-container\">\n\t\t\t<style>section.elementor-section.elementor-top-section.elementor-element.elementor-element-65d57bd.elementor-section-full_width.elementor-section-stretched.elementor-hidden-mobile.elementor-section-height-default.elementor-section-height-default {\r\n    padding-bottom: 10px;\r\n    \r\n\r\n}<\/style>\t\t<\/div>\n\t\t\t\t<\/div>\n\t\t\t\t\t<\/div>\n\t\t<\/div>\n\t\t\t\t\t\t\t<\/div>\n\t\t<\/section>\n\t\t\t\t\t\t\t<\/div>\n\t\t","protected":false},"excerpt":{"rendered":"<p>DEPUIS LA CR\u00c9ATION DE MA STRUCTURE EN 2007, JE VOUS AIDE \u00c0 R\u00c9PONDRE \u00c0 VOS ENJEUX&nbsp;: Sp\u00e9cialiste de votre secteur\u00a0: Banque, Assurance, Soci\u00e9t\u00e9s de gestion Accompagnement tr\u00e8s op\u00e9rationnel sur vos sujets\u00a0: gestion des op\u00e9rations\u00a0clients, produits de l&rsquo;\u00e9pargne bancaire et financi\u00e8re, postmarch\u00e9, tenue de\u00a0compte conservation, conformit\u00e9 des syst\u00e8mes d&rsquo;information en lien avec la\u00a0fiscalit\u00e9 Relation \u00e9troite et [&hellip;]<\/p>\n","protected":false},"author":2,"featured_media":143,"parent":0,"menu_order":0,"comment_status":"closed","ping_status":"closed","template":"elementor_header_footer","meta":[],"_links":{"self":[{"href":"https:\/\/valluis-avocats.com\/index.php\/wp-json\/wp\/v2\/pages\/351"}],"collection":[{"href":"https:\/\/valluis-avocats.com\/index.php\/wp-json\/wp\/v2\/pages"}],"about":[{"href":"https:\/\/valluis-avocats.com\/index.php\/wp-json\/wp\/v2\/types\/page"}],"author":[{"embeddable":true,"href":"https:\/\/valluis-avocats.com\/index.php\/wp-json\/wp\/v2\/users\/2"}],"replies":[{"embeddable":true,"href":"https:\/\/valluis-avocats.com\/index.php\/wp-json\/wp\/v2\/comments?post=351"}],"version-history":[{"count":367,"href":"https:\/\/valluis-avocats.com\/index.php\/wp-json\/wp\/v2\/pages\/351\/revisions"}],"predecessor-version":[{"id":3448,"href":"https:\/\/valluis-avocats.com\/index.php\/wp-json\/wp\/v2\/pages\/351\/revisions\/3448"}],"wp:featuredmedia":[{"embeddable":true,"href":"https:\/\/valluis-avocats.com\/index.php\/wp-json\/wp\/v2\/media\/143"}],"wp:attachment":[{"href":"https:\/\/valluis-avocats.com\/index.php\/wp-json\/wp\/v2\/media?parent=351"}],"curies":[{"name":"wp","href":"https:\/\/api.w.org\/{rel}","templated":true}]}}