{"id":457,"date":"2021-09-28T15:37:55","date_gmt":"2021-09-28T13:37:55","guid":{"rendered":"http:\/\/valluis-avocats.com\/?page_id=457"},"modified":"2024-10-04T22:18:40","modified_gmt":"2024-10-04T20:18:40","slug":"formations","status":"publish","type":"page","link":"https:\/\/valluis-avocats.com\/index.php\/formations\/","title":{"rendered":"Formations"},"content":{"rendered":"\t\t<div data-elementor-type=\"wp-page\" data-elementor-id=\"457\" class=\"elementor elementor-457\">\n\t\t\t\t\t\t\t\t\t<section class=\"elementor-section elementor-top-section elementor-element elementor-element-65d57bd elementor-section-full_width elementor-section-stretched elementor-hidden-mobile elementor-section-height-default elementor-section-height-default\" data-id=\"65d57bd\" data-element_type=\"section\" data-settings=\"{&quot;stretch_section&quot;:&quot;section-stretched&quot;}\">\n\t\t\t\t\t\t<div class=\"elementor-container elementor-column-gap-no\">\n\t\t\t\t\t<div class=\"elementor-column elementor-col-100 elementor-top-column elementor-element elementor-element-b0f3f0e\" data-id=\"b0f3f0e\" data-element_type=\"column\">\n\t\t\t<div class=\"elementor-widget-wrap elementor-element-populated\">\n\t\t\t\t\t\t\t\t<div class=\"elementor-element elementor-element-714b274 elementor-widget elementor-widget-image\" data-id=\"714b274\" data-element_type=\"widget\" data-widget_type=\"image.default\">\n\t\t\t\t<div class=\"elementor-widget-container\">\n\t\t\t<style>\/*! elementor - v3.6.0 - 21-03-2022 *\/\n.elementor-widget-image{text-align:center}.elementor-widget-image a{display:inline-block}.elementor-widget-image a img[src$=\".svg\"]{width:48px}.elementor-widget-image img{vertical-align:middle;display:inline-block}<\/style>\t\t\t\t\t\t\t\t\t\t\t\t<img width=\"1728\" height=\"576\" src=\"https:\/\/valluis-avocats.com\/wp-content\/uploads\/2024\/10\/Test-formation-5.png\" class=\"attachment-full size-full\" alt=\"\" loading=\"lazy\" srcset=\"https:\/\/valluis-avocats.com\/wp-content\/uploads\/2024\/10\/Test-formation-5.png 1728w, https:\/\/valluis-avocats.com\/wp-content\/uploads\/2024\/10\/Test-formation-5-300x100.png 300w, https:\/\/valluis-avocats.com\/wp-content\/uploads\/2024\/10\/Test-formation-5-1024x341.png 1024w, https:\/\/valluis-avocats.com\/wp-content\/uploads\/2024\/10\/Test-formation-5-768x256.png 768w, https:\/\/valluis-avocats.com\/wp-content\/uploads\/2024\/10\/Test-formation-5-1536x512.png 1536w, https:\/\/valluis-avocats.com\/wp-content\/uploads\/2024\/10\/Test-formation-5-1200x400.png 1200w\" sizes=\"(max-width: 1728px) 100vw, 1728px\" \/>\t\t\t\t\t\t\t\t\t\t\t\t\t\t\t<\/div>\n\t\t\t\t<\/div>\n\t\t\t\t\t<\/div>\n\t\t<\/div>\n\t\t\t\t\t\t\t<\/div>\n\t\t<\/section>\n\t\t\t\t<section class=\"elementor-section elementor-top-section elementor-element elementor-element-5d249c6 elementor-section-full_width elementor-section-stretched elementor-hidden-desktop elementor-hidden-tablet elementor-section-height-default elementor-section-height-default\" data-id=\"5d249c6\" data-element_type=\"section\" data-settings=\"{&quot;stretch_section&quot;:&quot;section-stretched&quot;}\">\n\t\t\t\t\t\t<div class=\"elementor-container elementor-column-gap-no\">\n\t\t\t\t\t<div class=\"elementor-column elementor-col-50 elementor-top-column elementor-element elementor-element-0776cba\" data-id=\"0776cba\" data-element_type=\"column\">\n\t\t\t<div class=\"elementor-widget-wrap elementor-element-populated\">\n\t\t\t\t\t\t\t\t<div class=\"elementor-element elementor-element-3be61ac elementor-widget elementor-widget-image\" data-id=\"3be61ac\" data-element_type=\"widget\" data-widget_type=\"image.default\">\n\t\t\t\t<div class=\"elementor-widget-container\">\n\t\t\t\t\t\t\t\t\t\t\t\t\t\t\t<img width=\"573\" height=\"826\" src=\"https:\/\/valluis-avocats.com\/wp-content\/uploads\/2024\/10\/Test-formation-mobile.png\" class=\"attachment-full size-full\" alt=\"\" loading=\"lazy\" srcset=\"https:\/\/valluis-avocats.com\/wp-content\/uploads\/2024\/10\/Test-formation-mobile.png 573w, https:\/\/valluis-avocats.com\/wp-content\/uploads\/2024\/10\/Test-formation-mobile-208x300.png 208w\" sizes=\"(max-width: 573px) 100vw, 573px\" \/>\t\t\t\t\t\t\t\t\t\t\t\t\t\t\t<\/div>\n\t\t\t\t<\/div>\n\t\t\t\t\t<\/div>\n\t\t<\/div>\n\t\t\t\t<div class=\"elementor-column elementor-col-50 elementor-top-column elementor-element elementor-element-53c19cf\" data-id=\"53c19cf\" data-element_type=\"column\" data-settings=\"{&quot;background_background&quot;:&quot;classic&quot;}\">\n\t\t\t<div class=\"elementor-widget-wrap elementor-element-populated\">\n\t\t\t\t\t\t\t\t<div class=\"elementor-element elementor-element-1c429cd elementor-hidden-desktop elementor-widget elementor-widget-heading\" data-id=\"1c429cd\" data-element_type=\"widget\" data-widget_type=\"heading.default\">\n\t\t\t\t<div class=\"elementor-widget-container\">\n\t\t\t<style>\/*! elementor - v3.6.0 - 21-03-2022 *\/\n.elementor-heading-title{padding:0;margin:0;line-height:1}.elementor-widget-heading .elementor-heading-title[class*=elementor-size-]>a{color:inherit;font-size:inherit;line-height:inherit}.elementor-widget-heading .elementor-heading-title.elementor-size-small{font-size:15px}.elementor-widget-heading .elementor-heading-title.elementor-size-medium{font-size:19px}.elementor-widget-heading .elementor-heading-title.elementor-size-large{font-size:29px}.elementor-widget-heading .elementor-heading-title.elementor-size-xl{font-size:39px}.elementor-widget-heading .elementor-heading-title.elementor-size-xxl{font-size:59px}<\/style><h2 class=\"elementor-heading-title elementor-size-default\">&nbsp;<\/h2>\t\t<\/div>\n\t\t\t\t<\/div>\n\t\t\t\t<div class=\"elementor-element elementor-element-936862e elementor-widget elementor-widget-heading\" data-id=\"936862e\" data-element_type=\"widget\" data-widget_type=\"heading.default\">\n\t\t\t\t<div class=\"elementor-widget-container\">\n\t\t\t<h1 class=\"elementor-heading-title elementor-size-default\">FORMATIONS<\/h1>\t\t<\/div>\n\t\t\t\t<\/div>\n\t\t\t\t\t<\/div>\n\t\t<\/div>\n\t\t\t\t\t\t\t<\/div>\n\t\t<\/section>\n\t\t\t\t<section class=\"elementor-section elementor-top-section elementor-element elementor-element-11b812f elementor-section-full_width elementor-section-stretched elementor-section-height-default elementor-section-height-default\" data-id=\"11b812f\" data-element_type=\"section\" data-settings=\"{&quot;stretch_section&quot;:&quot;section-stretched&quot;}\">\n\t\t\t\t\t\t<div class=\"elementor-container elementor-column-gap-no\">\n\t\t\t\t\t<div class=\"elementor-column elementor-col-100 elementor-top-column elementor-element elementor-element-16ac6f2\" data-id=\"16ac6f2\" data-element_type=\"column\">\n\t\t\t<div class=\"elementor-widget-wrap elementor-element-populated\">\n\t\t\t\t\t\t\t\t<div class=\"elementor-element elementor-element-ec97953 elementor-hidden-desktop elementor-widget elementor-widget-spacer\" data-id=\"ec97953\" data-element_type=\"widget\" data-widget_type=\"spacer.default\">\n\t\t\t\t<div class=\"elementor-widget-container\">\n\t\t\t<style>\/*! elementor - v3.6.0 - 21-03-2022 *\/\n.e-container.e-container--row .elementor-spacer-inner{width:var(--spacer-size)}.e-container.e-container--column .elementor-spacer-inner,.elementor-column .elementor-spacer-inner{height:var(--spacer-size)}<\/style>\t\t<div class=\"elementor-spacer\">\n\t\t\t<div class=\"elementor-spacer-inner\"><\/div>\n\t\t<\/div>\n\t\t\t\t<\/div>\n\t\t\t\t<\/div>\n\t\t\t\t<div class=\"elementor-element elementor-element-d1e053a elementor-widget elementor-widget-heading\" data-id=\"d1e053a\" data-element_type=\"widget\" data-widget_type=\"heading.default\">\n\t\t\t\t<div class=\"elementor-widget-container\">\n\t\t\t<h2 class=\"elementor-heading-title elementor-size-default\">D\u00c9VELOPPER DES FORMATIONS SUR MESURE POUR RENFORCER LA\nSENSIBILIT\u00c9 FISCALE ET LA COOP\u00c9RATION TRANSVERSALE&nbsp;:<\/h2>\t\t<\/div>\n\t\t\t\t<\/div>\n\t\t\t\t<div class=\"elementor-element elementor-element-9cbfc9f elementor-hidden-desktop elementor-widget elementor-widget-spacer\" data-id=\"9cbfc9f\" data-element_type=\"widget\" data-widget_type=\"spacer.default\">\n\t\t\t\t<div class=\"elementor-widget-container\">\n\t\t\t\t\t<div class=\"elementor-spacer\">\n\t\t\t<div class=\"elementor-spacer-inner\"><\/div>\n\t\t<\/div>\n\t\t\t\t<\/div>\n\t\t\t\t<\/div>\n\t\t\t\t<div class=\"elementor-element elementor-element-067701f elementor-widget elementor-widget-text-editor\" data-id=\"067701f\" data-element_type=\"widget\" data-widget_type=\"text-editor.default\">\n\t\t\t\t<div class=\"elementor-widget-container\">\n\t\t\t<style>\/*! elementor - v3.6.0 - 21-03-2022 *\/\n.elementor-widget-text-editor.elementor-drop-cap-view-stacked .elementor-drop-cap{background-color:#818a91;color:#fff}.elementor-widget-text-editor.elementor-drop-cap-view-framed .elementor-drop-cap{color:#818a91;border:3px solid;background-color:transparent}.elementor-widget-text-editor:not(.elementor-drop-cap-view-default) .elementor-drop-cap{margin-top:8px}.elementor-widget-text-editor:not(.elementor-drop-cap-view-default) .elementor-drop-cap-letter{width:1em;height:1em}.elementor-widget-text-editor .elementor-drop-cap{float:left;text-align:center;line-height:1;font-size:50px}.elementor-widget-text-editor .elementor-drop-cap-letter{display:inline-block}<\/style>\t\t\t\t<br><ul>\n \t<li>Formations en pr\u00e9sentiel ou \u00e0 distance<\/li>\n \t<li>Modules de formation en autonomie adress\u00e9s plusieurs jours avant l\u2019animation : consultables par les participants en amont et con\u00e7us comme une base documentaire ax\u00e9e sur la pratique<\/li>\n \t<li>Pr\u00e9sentation en plusieurs sessions de dur\u00e9e limit\u00e9e (1\/2 journ\u00e9e en pr\u00e9sentiel, 2h en visioconf\u00e9rences) pour faciliter l\u2019appr\u00e9hension des sujets et s\u2019adapter au planning des \u00e9quipes<\/li>\n \t<li>Cas d\u2019application et exemples concrets tir\u00e9s de l\u2019exp\u00e9rience sp\u00e9cifique au secteur Banque \/ Assurance<\/li>\n \t<li>Approche op\u00e9rationnelle tenant compte des pratiques de place<\/li>\n \t<li>Groupe de 10 \u00e0 12 personnes maximum afin de favoriser les \u00e9changes<\/li>\n<\/ul>\t\t\t\t\t\t<\/div>\n\t\t\t\t<\/div>\n\t\t\t\t<div class=\"elementor-element elementor-element-7fb32cc elementor-hidden-desktop elementor-hidden-tablet elementor-widget elementor-widget-spacer\" data-id=\"7fb32cc\" data-element_type=\"widget\" data-widget_type=\"spacer.default\">\n\t\t\t\t<div class=\"elementor-widget-container\">\n\t\t\t\t\t<div class=\"elementor-spacer\">\n\t\t\t<div class=\"elementor-spacer-inner\"><\/div>\n\t\t<\/div>\n\t\t\t\t<\/div>\n\t\t\t\t<\/div>\n\t\t\t\t\t<\/div>\n\t\t<\/div>\n\t\t\t\t\t\t\t<\/div>\n\t\t<\/section>\n\t\t\t\t<section class=\"elementor-section elementor-top-section elementor-element elementor-element-bfd86ab elementor-section-full_width elementor-section-stretched elementor-section-height-default elementor-section-height-default\" data-id=\"bfd86ab\" data-element_type=\"section\" data-settings=\"{&quot;stretch_section&quot;:&quot;section-stretched&quot;}\">\n\t\t\t\t\t\t<div class=\"elementor-container elementor-column-gap-no\">\n\t\t\t\t\t<div class=\"elementor-column elementor-col-100 elementor-top-column elementor-element elementor-element-83be1cb\" data-id=\"83be1cb\" data-element_type=\"column\">\n\t\t\t<div class=\"elementor-widget-wrap elementor-element-populated\">\n\t\t\t\t\t\t\t\t<div class=\"elementor-element elementor-element-25df4c3 elementor-hidden-desktop elementor-widget elementor-widget-heading\" data-id=\"25df4c3\" data-element_type=\"widget\" data-widget_type=\"heading.default\">\n\t\t\t\t<div class=\"elementor-widget-container\">\n\t\t\t<h2 class=\"elementor-heading-title elementor-size-default\">&nbsp;<\/h2>\t\t<\/div>\n\t\t\t\t<\/div>\n\t\t\t\t<div class=\"elementor-element elementor-element-f731ca9 elementor-widget elementor-widget-heading\" data-id=\"f731ca9\" data-element_type=\"widget\" data-widget_type=\"heading.default\">\n\t\t\t\t<div class=\"elementor-widget-container\">\n\t\t\t<h3 class=\"elementor-heading-title elementor-size-default\">EXEMPLES DE SUJETS&nbsp;:<\/h3>\t\t<\/div>\n\t\t\t\t<\/div>\n\t\t\t\t<div class=\"elementor-element elementor-element-a484874 elementor-widget elementor-widget-heading\" data-id=\"a484874\" data-element_type=\"widget\" data-widget_type=\"heading.default\">\n\t\t\t\t<div class=\"elementor-widget-container\">\n\t\t\t<h3 class=\"elementor-heading-title elementor-size-default\">EXEMPLES DE SUJETS&nbsp;:<\/h3>\t\t<\/div>\n\t\t\t\t<\/div>\n\t\t\t\t<div class=\"elementor-element elementor-element-86f2528 elementor-widget elementor-widget-text-editor\" data-id=\"86f2528\" data-element_type=\"widget\" data-widget_type=\"text-editor.default\">\n\t\t\t\t<div class=\"elementor-widget-container\">\n\t\t\t\t\t\t\t<ul>\n<li>Formation Imprim\u00e9 fiscal unique &#8211; IFU<\/li>\n<li>Formation Fiscalit\u00e9 des op\u00e9rations sur titres &#8211; OST<\/li>\n<li>Formation PEA et PEA-PME<\/li>\n<li>Formation Directive (UE) 2018\/822 du 25 mai 2018 &#8211; DAC 6<\/li>\n<\/ul>\t\t\t\t\t\t<\/div>\n\t\t\t\t<\/div>\n\t\t\t\t<div class=\"elementor-element elementor-element-6699179 elementor-hidden-desktop elementor-hidden-tablet elementor-widget elementor-widget-spacer\" data-id=\"6699179\" data-element_type=\"widget\" data-widget_type=\"spacer.default\">\n\t\t\t\t<div class=\"elementor-widget-container\">\n\t\t\t\t\t<div class=\"elementor-spacer\">\n\t\t\t<div class=\"elementor-spacer-inner\"><\/div>\n\t\t<\/div>\n\t\t\t\t<\/div>\n\t\t\t\t<\/div>\n\t\t\t\t\t<\/div>\n\t\t<\/div>\n\t\t\t\t\t\t\t<\/div>\n\t\t<\/section>\n\t\t\t\t<section class=\"elementor-section elementor-top-section elementor-element elementor-element-51ff715 elementor-section-full_width elementor-section-stretched elementor-section-height-default elementor-section-height-default\" data-id=\"51ff715\" data-element_type=\"section\" data-settings=\"{&quot;stretch_section&quot;:&quot;section-stretched&quot;}\">\n\t\t\t\t\t\t<div class=\"elementor-container elementor-column-gap-no\">\n\t\t\t\t\t<div class=\"elementor-column elementor-col-100 elementor-top-column elementor-element elementor-element-e1ce84a\" data-id=\"e1ce84a\" data-element_type=\"column\">\n\t\t\t<div class=\"elementor-widget-wrap elementor-element-populated\">\n\t\t\t\t\t\t\t\t<div class=\"elementor-element elementor-element-128ed14 elementor-hidden-desktop elementor-widget elementor-widget-heading\" data-id=\"128ed14\" data-element_type=\"widget\" data-widget_type=\"heading.default\">\n\t\t\t\t<div class=\"elementor-widget-container\">\n\t\t\t<h2 class=\"elementor-heading-title elementor-size-default\">&nbsp;<\/h2>\t\t<\/div>\n\t\t\t\t<\/div>\n\t\t\t\t<div class=\"elementor-element elementor-element-7764fad elementor-widget elementor-widget-heading\" data-id=\"7764fad\" data-element_type=\"widget\" data-widget_type=\"heading.default\">\n\t\t\t\t<div class=\"elementor-widget-container\">\n\t\t\t<h3 class=\"elementor-heading-title elementor-size-default\">ILLUSTRATION&nbsp;: FORMATION&nbsp;IFU<\/h3>\t\t<\/div>\n\t\t\t\t<\/div>\n\t\t\t\t<div class=\"elementor-element elementor-element-4fe56b7 elementor-widget elementor-widget-text-editor\" data-id=\"4fe56b7\" data-element_type=\"widget\" data-widget_type=\"text-editor.default\">\n\t\t\t\t<div class=\"elementor-widget-container\">\n\t\t\t\t\t\t\t<p>5 modules de formation en autonomie \u2013 Animation en 2 demi-journ\u00e9es ou 4 visioconf\u00e9rences&nbsp;:<\/p>\n<p><br><\/p>\n<ul>\n<li>Enjeux de l\u2019IFU (sanctions, aspects commerciaux, opportunit\u00e9s\u2026)<\/li>\n<li>Int\u00e9r\u00eats<\/li>\n<li>Dividendes<\/li>\n<li>Situations sp\u00e9cifiques (mariage \/ PACS \/ divorce, comptes joints, indivisions, successions)<\/li>\n<li>PEA et PEA-PME<\/li>\n<\/ul>\n<p>Des modules compl\u00e9mentaires sur les \u00ab FCPR\/FCPI \u00bb ou sur d\u2019autres produits sp\u00e9cifiques peuvent \u00eatre ajout\u00e9s en fonction de l\u2019offre de l\u2019\u00e9tablissement financier.<\/p>\n<p>\n<\/p>\t\t\t\t\t\t<\/div>\n\t\t\t\t<\/div>\n\t\t\t\t\t<\/div>\n\t\t<\/div>\n\t\t\t\t\t\t\t<\/div>\n\t\t<\/section>\n\t\t\t\t\t\t\t<\/div>\n\t\t","protected":false},"excerpt":{"rendered":"<p>&nbsp; FORMATIONS D\u00c9VELOPPER DES FORMATIONS SUR MESURE POUR RENFORCER LA SENSIBILIT\u00c9 FISCALE ET LA COOP\u00c9RATION TRANSVERSALE&nbsp;: Formations en pr\u00e9sentiel ou \u00e0 distance Modules de formation en autonomie adress\u00e9s plusieurs jours avant l\u2019animation : consultables par les participants en amont et con\u00e7us comme une base documentaire ax\u00e9e sur la pratique Pr\u00e9sentation en plusieurs sessions de dur\u00e9e [&hellip;]<\/p>\n","protected":false},"author":2,"featured_media":143,"parent":0,"menu_order":0,"comment_status":"closed","ping_status":"closed","template":"elementor_header_footer","meta":[],"_links":{"self":[{"href":"https:\/\/valluis-avocats.com\/index.php\/wp-json\/wp\/v2\/pages\/457"}],"collection":[{"href":"https:\/\/valluis-avocats.com\/index.php\/wp-json\/wp\/v2\/pages"}],"about":[{"href":"https:\/\/valluis-avocats.com\/index.php\/wp-json\/wp\/v2\/types\/page"}],"author":[{"embeddable":true,"href":"https:\/\/valluis-avocats.com\/index.php\/wp-json\/wp\/v2\/users\/2"}],"replies":[{"embeddable":true,"href":"https:\/\/valluis-avocats.com\/index.php\/wp-json\/wp\/v2\/comments?post=457"}],"version-history":[{"count":151,"href":"https:\/\/valluis-avocats.com\/index.php\/wp-json\/wp\/v2\/pages\/457\/revisions"}],"predecessor-version":[{"id":3444,"href":"https:\/\/valluis-avocats.com\/index.php\/wp-json\/wp\/v2\/pages\/457\/revisions\/3444"}],"wp:featuredmedia":[{"embeddable":true,"href":"https:\/\/valluis-avocats.com\/index.php\/wp-json\/wp\/v2\/media\/143"}],"wp:attachment":[{"href":"https:\/\/valluis-avocats.com\/index.php\/wp-json\/wp\/v2\/media?parent=457"}],"curies":[{"name":"wp","href":"https:\/\/api.w.org\/{rel}","templated":true}]}}