{"id":795,"date":"2021-10-04T21:20:42","date_gmt":"2021-10-04T19:20:42","guid":{"rendered":"https:\/\/valluis-avocats.com\/?page_id=795"},"modified":"2021-11-08T08:25:03","modified_gmt":"2021-11-08T07:25:03","slug":"mentions-legales","status":"publish","type":"page","link":"https:\/\/valluis-avocats.com\/index.php\/mentions-legales\/","title":{"rendered":"Mentions L\u00e9gales"},"content":{"rendered":"\t\t<div data-elementor-type=\"wp-page\" data-elementor-id=\"795\" class=\"elementor elementor-795\">\n\t\t\t\t\t\t\t\t\t<section class=\"elementor-section elementor-top-section elementor-element elementor-element-40f4ecf elementor-section-stretched elementor-section-boxed elementor-section-height-default elementor-section-height-default\" data-id=\"40f4ecf\" data-element_type=\"section\" data-settings=\"{&quot;stretch_section&quot;:&quot;section-stretched&quot;}\">\n\t\t\t\t\t\t<div class=\"elementor-container elementor-column-gap-default\">\n\t\t\t\t\t<div class=\"elementor-column elementor-col-100 elementor-top-column elementor-element elementor-element-d6d14ad\" data-id=\"d6d14ad\" data-element_type=\"column\">\n\t\t\t<div class=\"elementor-widget-wrap elementor-element-populated\">\n\t\t\t\t\t\t\t\t<div class=\"elementor-element elementor-element-8171adf elementor-widget elementor-widget-heading\" data-id=\"8171adf\" data-element_type=\"widget\" data-widget_type=\"heading.default\">\n\t\t\t\t<div class=\"elementor-widget-container\">\n\t\t\t<style>\/*! elementor - v3.6.0 - 21-03-2022 *\/\n.elementor-heading-title{padding:0;margin:0;line-height:1}.elementor-widget-heading .elementor-heading-title[class*=elementor-size-]>a{color:inherit;font-size:inherit;line-height:inherit}.elementor-widget-heading .elementor-heading-title.elementor-size-small{font-size:15px}.elementor-widget-heading .elementor-heading-title.elementor-size-medium{font-size:19px}.elementor-widget-heading .elementor-heading-title.elementor-size-large{font-size:29px}.elementor-widget-heading .elementor-heading-title.elementor-size-xl{font-size:39px}.elementor-widget-heading .elementor-heading-title.elementor-size-xxl{font-size:59px}<\/style><h2 class=\"elementor-heading-title elementor-size-default\">MENTIONS L\u00c9GALES\n<\/h2>\t\t<\/div>\n\t\t\t\t<\/div>\n\t\t\t\t<div class=\"elementor-element elementor-element-c4c87bc elementor-widget elementor-widget-spacer\" data-id=\"c4c87bc\" data-element_type=\"widget\" data-widget_type=\"spacer.default\">\n\t\t\t\t<div class=\"elementor-widget-container\">\n\t\t\t<style>\/*! elementor - v3.6.0 - 21-03-2022 *\/\n.e-container.e-container--row .elementor-spacer-inner{width:var(--spacer-size)}.e-container.e-container--column .elementor-spacer-inner,.elementor-column .elementor-spacer-inner{height:var(--spacer-size)}<\/style>\t\t<div class=\"elementor-spacer\">\n\t\t\t<div class=\"elementor-spacer-inner\"><\/div>\n\t\t<\/div>\n\t\t\t\t<\/div>\n\t\t\t\t<\/div>\n\t\t\t\t<div class=\"elementor-element elementor-element-30bb9b4 elementor-widget elementor-widget-text-editor\" data-id=\"30bb9b4\" data-element_type=\"widget\" data-widget_type=\"text-editor.default\">\n\t\t\t\t<div class=\"elementor-widget-container\">\n\t\t\t<style>\/*! elementor - v3.6.0 - 21-03-2022 *\/\n.elementor-widget-text-editor.elementor-drop-cap-view-stacked .elementor-drop-cap{background-color:#818a91;color:#fff}.elementor-widget-text-editor.elementor-drop-cap-view-framed .elementor-drop-cap{color:#818a91;border:3px solid;background-color:transparent}.elementor-widget-text-editor:not(.elementor-drop-cap-view-default) .elementor-drop-cap{margin-top:8px}.elementor-widget-text-editor:not(.elementor-drop-cap-view-default) .elementor-drop-cap-letter{width:1em;height:1em}.elementor-widget-text-editor .elementor-drop-cap{float:left;text-align:center;line-height:1;font-size:50px}.elementor-widget-text-editor .elementor-drop-cap-letter{display:inline-block}<\/style>\t\t\t\t<p><strong>Identification du cabinet<\/strong><br \/><br \/><br \/><\/p><p class=\"rientra\">Nathalie Valluis<br \/>Avocat au Barreau de PARIS<br \/>30, boulevard Flandrin &#8211; 75116 PARIS<br \/>T\u00e9l\u00e9phone : +33 (0)6 14 18 89 91<br \/>Mail : n.valluis@valluis-avocats.com<\/p><p><br \/><br \/><br \/><\/p><p><strong>\u00c9diteur du site<\/strong><br \/><br \/><\/p><p class=\"rientra\">Nathalie Valluis, 30, boulevard Flandrin &#8211; 75116 PARIS<\/p><p class=\"rientra\">Directeur de la publication\u00a0: Nathalie Valluis<\/p><p><br \/><br \/><br \/><\/p><p><strong>Conception, r\u00e9alisation et h\u00e9bergement :<\/strong><br \/><br \/><br \/><\/p><p class=\"rientra\">Cr\u00e9ation et d\u00e9veloppement du site internet\u00a0: SARL SPID METRIS, 7 rue du parc de clagny 78000 Versailles<\/p><p class=\"rientra\">H\u00e9bergement\u00a0: OVH \u2013 2 rue Kellermann \u2013 59100 ROUBAIX \u2013 France<\/p><p class=\"rientra\">Pour contacter cet h\u00e9bergeur, rendez-vous \u00e0 l\u2019adresse http:\/\/www.ovh.com\/fr\/support\/<\/p><p><br \/><br \/><br \/><\/p><p><strong>Propri\u00e9t\u00e9<\/strong><br \/><br \/><br \/><\/p><p class=\"rientra\">Les \u00e9l\u00e9ments de ce site Web, \u201c<b>valluis-avocats.com<\/b>\u201d sont prot\u00e9g\u00e9s par le droit d\u2019auteur et ne peuvent \u00eatre copi\u00e9s ou imit\u00e9s en tout ou partie. Aucun logotype, graphisme, son ou image tir\u00e9 de ce site Web ne peut \u00eatre copi\u00e9 ou retransmis sans l\u2019autorisation de Nathalie Valluis et des ayants droit. La violation de l\u2019un des droits d\u2019auteur de l\u2019\u0153uvre est un d\u00e9lit de contrefa\u00e7on conform\u00e9ment aux termes de l\u2019article L.335-2 du Code de la Propri\u00e9t\u00e9 Intellectuelle.<\/p><p class=\"rientra\">Par d\u00e9rogation \u00e0 ce principe g\u00e9n\u00e9ral, l\u2019utilisation des communiqu\u00e9s de presse est libre.<\/p><p><br \/><br \/><br \/><strong>Respect de la vie priv\u00e9e<\/strong><br \/><br \/><br \/><\/p><p class=\"rientra\">Nathalie Valluis consid\u00e8re que l\u2019usage responsable des informations \u00e0 caract\u00e8re personnel est un \u00e9l\u00e9ment essentiel de toute utilisation de l\u2019Internet \u00e0 des fins commerciales. Nathalie Valluis s\u2019engage \u00e0 respecter votre vie priv\u00e9e. Vous pouvez visiter ce site sans r\u00e9v\u00e9ler votre identit\u00e9 ou d\u2019autres informations personnelles. Les informations nominatives que vous nous aurez fournies seront \u00e9ventuellement utilis\u00e9es par Nathalie Valluis afin d\u2019am\u00e9liorer la communication sur ses offres de produits et services, apr\u00e8s accord de votre part. Vous pourrez \u00e0 tout moment, choisir de ne plus recevoir ces informations, en le faisant savoir par e-mail ou par tout autre moyen. Conform\u00e9ment \u00e0 la loi Informatique et Libert\u00e9 du 06\/01\/1978, vous b\u00e9n\u00e9ficiez d\u2019un droit d\u2019acc\u00e8s, de modification, de rectification et de suppression de toute information vous concernant. Pour toute demande, adressez-vous \u00e0 : Nathalie Valluis, 30, boulevard Flandrin \u2013 75116 PARIS<\/p><p><br \/><br \/><br \/><\/p><p><strong>RGPD<\/strong><\/p><p class=\"rientra\">Les donn\u00e9es personnelles sont notamment prot\u00e9g\u00e9es par la loi n\u00b0 78-87 du 6 janvier 1978, la loi n\u00b0 2004-801 du 6 ao\u00fbt 2004, l\u2019article L. 226-13 du Code p\u00e9nal et la Directive Europ\u00e9enne du 24 octobre 1995.<\/p><p class=\"rientra\">A l\u2019occasion de l\u2019utilisation du site <strong>www.valluis-avocats.com<\/strong> peuvent \u00eatres recueillies : l\u2019URL des liens par l\u2019interm\u00e9diaire desquels l\u2019utilisateur a acc\u00e9d\u00e9 au site <strong>www.valluis-avocats.com<\/strong>, le fournisseur d\u2019acc\u00e8s de l\u2019utilisateur, l\u2019adresse de protocole Internet (IP) de l\u2019utilisateur.<\/p><p class=\"rientra\">En tout \u00e9tat de cause le propri\u00e9taire ne collecte des informations personnelles relatives \u00e0 l\u2019utilisateur que pour le besoin de certains services propos\u00e9s par le site <strong>www.valluis-avocats.com<\/strong>.<\/p><p class=\"rientra\">L\u2019utilisateur fournit ces informations en toute connaissance de cause, notamment lorsqu\u2019il proc\u00e8de par lui-m\u00eame \u00e0 leur saisie. Il est alors pr\u00e9cis\u00e9 \u00e0 l\u2019utilisateur du site<strong> www.valluis-avocats.com<\/strong> l\u2019obligation ou non de fournir ces informations.<\/p><p class=\"rientra\">Conform\u00e9ment aux dispositions des articles 38 et suivants de la loi 78-17 du 6 janvier 1978 relative \u00e0 l\u2019informatique, aux fichiers et aux libert\u00e9s, tout utilisateur dispose d\u2019un droit d\u2019acc\u00e8s, de rectification et d\u2019opposition aux donn\u00e9es personnelles le concernant, en effectuant sa demande \u00e9crite et sign\u00e9e, accompagn\u00e9e d\u2019une copie du titre d\u2019identit\u00e9 avec signature du titulaire de la pi\u00e8ce, en pr\u00e9cisant l\u2019adresse \u00e0 laquelle la r\u00e9ponse doit \u00eatre envoy\u00e9e.<\/p><p class=\"rientra\">Aucune information personnelle de l\u2019utilisateur du site <strong>www.valluis-avocats.com<\/strong> n\u2019est publi\u00e9e \u00e0 l\u2019insu de l\u2019utilisateur, \u00e9chang\u00e9e, transf\u00e9r\u00e9e, c\u00e9d\u00e9e ou vendue sur un support quelconque \u00e0 des tiers.<\/p><p class=\"rientra\">Le site <strong>www.valluis-avocats.com<\/strong> a pour objet de fournir une information concernant l\u2019ensemble des activit\u00e9s de la soci\u00e9t\u00e9.<\/p><p class=\"rientra\">Le propri\u00e9taire s\u2019efforce de fournir sur le site <strong>www.valluis-avocats.com<\/strong> des informations aussi pr\u00e9cises que possible. Toutefois, il ne pourra \u00eatre tenu responsable des omissions, des inexactitudes et des carences dans la mise \u00e0 jour, qu\u2019elles soient de son fait ou du fait des tiers partenaires qui lui fournissent ces informations.<\/p><p class=\"rientra\">Toutes les informations indiqu\u00e9es sur le site <strong>www.valluis-avocats.com<\/strong> sont donn\u00e9es \u00e0 titre indicatif, et sont susceptibles d\u2019\u00e9voluer. Par ailleurs, les renseignements figurant sur le site <strong>www.valluis-avocats.com<\/strong> ne sont pas exhaustifs. Ils sont donn\u00e9s sous r\u00e9serve de modifications ayant \u00e9t\u00e9 apport\u00e9es depuis leur mise en ligne.<\/p><p class=\"rientra\">Toute exploitation non autoris\u00e9e du site ou de l\u2019un quelconque des \u00e9l\u00e9ments qu\u2019il contient sera consid\u00e9r\u00e9e comme constitutive d\u2019une contrefa\u00e7on et poursuivie conform\u00e9ment aux dispositions des articles L.335-2 et suivants du Code de Propri\u00e9t\u00e9 Intellectuelle.<\/p><p class=\"rientra\">Est interdite, sans autorisation pr\u00e9alable la reproduction allant au-del\u00e0 de l\u2019usage strictement personnel et priv\u00e9 et quel qu\u2019en soit le support (papier, c\u00e9d\u00e9rom, Internet, Intranet, r\u00e9seau d\u2019entreprise, etc.).<\/p>\t\t\t\t\t\t<\/div>\n\t\t\t\t<\/div>\n\t\t\t\t\t<\/div>\n\t\t<\/div>\n\t\t\t\t\t\t\t<\/div>\n\t\t<\/section>\n\t\t\t\t<section class=\"elementor-section elementor-top-section elementor-element elementor-element-09ff5b2 elementor-section-boxed elementor-section-height-default elementor-section-height-default\" data-id=\"09ff5b2\" data-element_type=\"section\">\n\t\t\t\t\t\t<div class=\"elementor-container elementor-column-gap-default\">\n\t\t\t\t\t<div class=\"elementor-column elementor-col-100 elementor-top-column elementor-element elementor-element-9c18def\" data-id=\"9c18def\" data-element_type=\"column\">\n\t\t\t<div class=\"elementor-widget-wrap elementor-element-populated\">\n\t\t\t\t\t\t\t\t<div class=\"elementor-element elementor-element-3888acd elementor-widget elementor-widget-heading\" data-id=\"3888acd\" data-element_type=\"widget\" data-widget_type=\"heading.default\">\n\t\t\t\t<div class=\"elementor-widget-container\">\n\t\t\t<h3 class=\"elementor-heading-title elementor-size-default\"><style>.footer-nav-widgets-wrapper.header-footer-group {\n    display: none;\n}<\/style><\/h3>\t\t<\/div>\n\t\t\t\t<\/div>\n\t\t\t\t\t<\/div>\n\t\t<\/div>\n\t\t\t\t\t\t\t<\/div>\n\t\t<\/section>\n\t\t\t\t\t\t\t<\/div>\n\t\t","protected":false},"excerpt":{"rendered":"<p>MENTIONS L\u00c9GALES Identification du cabinet Nathalie ValluisAvocat au Barreau de PARIS30, boulevard Flandrin &#8211; 75116 PARIST\u00e9l\u00e9phone : +33 (0)6 14 18 89 91Mail : n.valluis@valluis-avocats.com \u00c9diteur du site Nathalie Valluis, 30, boulevard Flandrin &#8211; 75116 PARIS Directeur de la publication\u00a0: Nathalie Valluis Conception, r\u00e9alisation et h\u00e9bergement : Cr\u00e9ation et d\u00e9veloppement du site internet\u00a0: SARL SPID [&hellip;]<\/p>\n","protected":false},"author":2,"featured_media":0,"parent":0,"menu_order":0,"comment_status":"closed","ping_status":"closed","template":"","meta":[],"_links":{"self":[{"href":"https:\/\/valluis-avocats.com\/index.php\/wp-json\/wp\/v2\/pages\/795"}],"collection":[{"href":"https:\/\/valluis-avocats.com\/index.php\/wp-json\/wp\/v2\/pages"}],"about":[{"href":"https:\/\/valluis-avocats.com\/index.php\/wp-json\/wp\/v2\/types\/page"}],"author":[{"embeddable":true,"href":"https:\/\/valluis-avocats.com\/index.php\/wp-json\/wp\/v2\/users\/2"}],"replies":[{"embeddable":true,"href":"https:\/\/valluis-avocats.com\/index.php\/wp-json\/wp\/v2\/comments?post=795"}],"version-history":[{"count":40,"href":"https:\/\/valluis-avocats.com\/index.php\/wp-json\/wp\/v2\/pages\/795\/revisions"}],"predecessor-version":[{"id":2542,"href":"https:\/\/valluis-avocats.com\/index.php\/wp-json\/wp\/v2\/pages\/795\/revisions\/2542"}],"wp:attachment":[{"href":"https:\/\/valluis-avocats.com\/index.php\/wp-json\/wp\/v2\/media?parent=795"}],"curies":[{"name":"wp","href":"https:\/\/api.w.org\/{rel}","templated":true}]}}